{"id":1238,"date":"2026-01-22T14:28:52","date_gmt":"2026-01-22T13:28:52","guid":{"rendered":"https:\/\/mugarecycling.com\/legal-notice\/"},"modified":"2026-03-17T08:42:25","modified_gmt":"2026-03-17T07:42:25","slug":"legal-notice","status":"publish","type":"page","link":"https:\/\/muga.ch\/en\/legal-notice\/","title":{"rendered":"Legal notice"},"content":{"rendered":"\t\t<div data-elementor-type=\"wp-page\" data-elementor-id=\"1238\" class=\"elementor elementor-1238 elementor-1219\" data-elementor-post-type=\"page\">\n\t\t\t\t<div class=\"elementor-element elementor-element-cd41c72 e-flex e-con-boxed e-con e-parent\" data-id=\"cd41c72\" data-element_type=\"container\" data-e-type=\"container\">\n\t\t\t\t\t<div class=\"e-con-inner\">\n\t\t\t\t<div class=\"elementor-element elementor-element-a38344b elementor-widget elementor-widget-text-editor\" data-id=\"a38344b\" data-element_type=\"widget\" data-e-type=\"widget\" data-widget_type=\"text-editor.default\">\n\t\t\t\t\t\t\t\t\t<p><strong>Contact<\/strong><br>Muga Solutions GmbH<br>Attisholzstrasse 10<br>4533 Riedholz<\/p>\n<p>+41 32 621 00 50<br>muga@muga.ch&nbsp;<br>www.muga.ch<\/p>\n<p><strong>Owners<br><\/strong>Pedro Ram\u00f3n Gamband\u00e9 Llad\u00f3s<br>Ignacio M\u00fagica Urquizu<\/p>\n<p><strong>CEO<br><\/strong>Sacha Ratheiser<\/p>\n<p><strong>Legal and tax information<br><\/strong>Muga Solutions GmbH is registered in the commercial register of the canton of Solothurn and is subject to Swiss value added tax.<br>Company number and VAT: CHE-286.441.959<\/p>\t\t\t\t\t\t\t\t<\/div>\n\t\t\t\t\t<\/div>\n\t\t\t\t<\/div>\n\t\t\t\t<\/div>\n\t\t","protected":false},"excerpt":{"rendered":"<p>ContactMuga Solutions GmbHAttisholzstrasse 104533 Riedholz +41 32 621 00 50muga@muga.ch&nbsp;www.muga.ch OwnersPedro Ram\u00f3n Gamband\u00e9 Llad\u00f3sIgnacio M\u00fagica Urquizu CEOSacha Ratheiser Legal and tax informationMuga Solutions GmbH is registered in the commercial register of the canton of Solothurn and is subject to Swiss value added tax.Company number and VAT: CHE-286.441.959<\/p>\n","protected":false},"author":3,"featured_media":0,"parent":0,"menu_order":0,"comment_status":"closed","ping_status":"closed","template":"","meta":{"_acf_changed":false,"footnotes":""},"class_list":["post-1238","page","type-page","status-publish","hentry"],"acf":[],"_links":{"self":[{"href":"https:\/\/muga.ch\/en\/wp-json\/wp\/v2\/pages\/1238","targetHints":{"allow":["GET"]}}],"collection":[{"href":"https:\/\/muga.ch\/en\/wp-json\/wp\/v2\/pages"}],"about":[{"href":"https:\/\/muga.ch\/en\/wp-json\/wp\/v2\/types\/page"}],"author":[{"embeddable":true,"href":"https:\/\/muga.ch\/en\/wp-json\/wp\/v2\/users\/3"}],"replies":[{"embeddable":true,"href":"https:\/\/muga.ch\/en\/wp-json\/wp\/v2\/comments?post=1238"}],"version-history":[{"count":6,"href":"https:\/\/muga.ch\/en\/wp-json\/wp\/v2\/pages\/1238\/revisions"}],"predecessor-version":[{"id":1382,"href":"https:\/\/muga.ch\/en\/wp-json\/wp\/v2\/pages\/1238\/revisions\/1382"}],"wp:attachment":[{"href":"https:\/\/muga.ch\/en\/wp-json\/wp\/v2\/media?parent=1238"}],"curies":[{"name":"wp","href":"https:\/\/api.w.org\/{rel}","templated":true}]}}